{"id":4277,"date":"2023-08-23T20:57:37","date_gmt":"2023-08-23T20:57:37","guid":{"rendered":"https:\/\/marketplace.dovix.ca\/?post_type=product&#038;p=4277"},"modified":"2025-03-30T03:55:13","modified_gmt":"2025-03-30T03:55:13","slug":"lampe-boli","status":"publish","type":"product","link":"https:\/\/marketplace.dovix.ca\/fr\/produit\/lampe-boli\/","title":{"rendered":"Lampe BOLI"},"content":{"rendered":"<p>D\u00e9couvrez la lampe BOLI, une cr\u00e9ation artisanale unique \u00e0 base de bois recycl\u00e9 \u00e0 Montr\u00e9al, d\u00e9sormais disponible \u00e0 la vente sur le site de Dovix. Fabriqu\u00e9e avec soin et cr\u00e9ativit\u00e9, cette lampe incarne l\u2019harmonie parfaite entre le design contemporain et la durabilit\u00e9 environnementale.<\/p>\n<p>Chaque pi\u00e8ce de bois utilis\u00e9e pour la conception de cette lampe de table est r\u00e9cup\u00e9r\u00e9e localement, offrant ainsi une seconde vie \u00e0 des mat\u00e9riaux autrefois abandonn\u00e9s. Le bois recycl\u00e9 est m\u00e9ticuleusement s\u00e9lectionn\u00e9 et transform\u00e9 par des artisans passionn\u00e9s, donnant naissance \u00e0 une \u0153uvre d\u2019art lumineuse qui apporte chaleur et caract\u00e8re \u00e0 votre int\u00e9rieur.<\/p>\n<p>Dot\u00e9e d\u2019une structure en bois naturel aux lignes \u00e9pur\u00e9es, la lampe de table BOLI se marie avec \u00e9l\u00e9gance \u00e0 tous les styles de d\u00e9coration. Son abat-jour diffuse une lumi\u00e8re douce et apaisante, cr\u00e9ant une atmosph\u00e8re chaleureuse et accueillante dans votre espace de vie.\u00a0En la choisissant, vous contribuez activement \u00e0 la pr\u00e9servation de l\u2019environnement tout en ajoutant une touche d\u2019originalit\u00e9 \u00e0 votre int\u00e9rieur. Chaque lampe de DOVIX Corporation est unique parce qu&#8217;elle porte en elle l\u2019histoire et la beaut\u00e9 du bois r\u00e9cup\u00e9r\u00e9, et t\u00e9moigne d&#8217;un engagement en faveur d\u2019un mode de vie \u00e9coresponsable.<\/p>\n<p>Ne manquez pas l\u2019occasion d\u2019acqu\u00e9rir cette pi\u00e8ce exceptionnelle. D\u00e9couvrez \u00e0 pr\u00e9sent la lampe BOLI. Ainsi, vous illuminerez votre espace de vie avec style, durabilit\u00e9 et cr\u00e9ativit\u00e9.<\/p>\n<p><strong>Remarque<\/strong>: Cette pi\u00e8ce peut \u00eatre command\u00e9e par paire.<\/p>\n<h3><strong>Sp\u00e9cifications de la lampe de table BOLI: <\/strong><\/h3>\n<ul>\n<li>Hauteur : 59 cm (23 po) et diam\u00e8tre : 32 cm (13 po)<\/li>\n<li>Poids: 1.9 kg (4.1 lb)<\/li>\n<\/ul>\n<p><strong>Base de la lampe de table BOLI:<\/strong><\/p>\n<ul>\n<li>Mat\u00e9riau: bois recycl\u00e9<\/li>\n<li>Sculpt\u00e9 \u00e0 la main par des artisans<\/li>\n<li>Fabriqu\u00e9 au Qu\u00e9bec<\/li>\n<\/ul>\n<p><strong>D\u00e9tails de l\u2019abat-jour:<\/strong><\/p>\n<ul>\n<li>Mat\u00e9riau de l\u2019abat-jour et doublure : tissu, polyester et PET<\/li>\n<li>Cadre : acier, rev\u00eatement \u00e9poxy\/polyester<\/li>\n<li>Porte-abat-jour : Polycarbonate\/plastique ABS<\/li>\n<li>Entretien : Nettoyer avec un plumeau.<\/li>\n<li>Hauteur : 26 cm (10 po) et diam\u00e8tre : 32 cm (13 po)<\/li>\n<\/ul>","protected":false},"excerpt":{"rendered":"<p>Explorez cette pi\u00e8ce d&#8217;artisanat exceptionnelle confectionn\u00e9e \u00e0 partir de bois recycl\u00e9 dans la ville de Montr\u00e9al. Chaque d\u00e9tail de cette lampe a \u00e9t\u00e9 m\u00e9ticuleusement fa\u00e7onn\u00e9 pour repr\u00e9senter l&#8217;union harmonieuse entre un design contemporain et un engagement envers la durabilit\u00e9.<\/p>","protected":false},"featured_media":4278,"comment_status":"closed","ping_status":"closed","template":"","meta":[],"product_brand":[],"product_cat":[15,114,122],"product_tag":[115,116,117],"class_list":{"0":"post-4277","1":"product","2":"type-product","3":"status-publish","4":"has-post-thumbnail","6":"product_cat-uncategorized","7":"product_cat-recycled-wood","8":"product_cat-unique-piece","9":"product_tag-artisanat","10":"product_tag-lampe","11":"product_tag-recyclage","13":"first","14":"instock","15":"sale","16":"taxable","17":"shipping-taxable","18":"purchasable","19":"product-type-simple"},"_links":{"self":[{"href":"https:\/\/marketplace.dovix.ca\/fr\/wp-json\/wp\/v2\/product\/4277","targetHints":{"allow":["GET"]}}],"collection":[{"href":"https:\/\/marketplace.dovix.ca\/fr\/wp-json\/wp\/v2\/product"}],"about":[{"href":"https:\/\/marketplace.dovix.ca\/fr\/wp-json\/wp\/v2\/types\/product"}],"replies":[{"embeddable":true,"href":"https:\/\/marketplace.dovix.ca\/fr\/wp-json\/wp\/v2\/comments?post=4277"}],"wp:featuredmedia":[{"embeddable":true,"href":"https:\/\/marketplace.dovix.ca\/fr\/wp-json\/wp\/v2\/media\/4278"}],"wp:attachment":[{"href":"https:\/\/marketplace.dovix.ca\/fr\/wp-json\/wp\/v2\/media?parent=4277"}],"wp:term":[{"taxonomy":"product_brand","embeddable":true,"href":"https:\/\/marketplace.dovix.ca\/fr\/wp-json\/wp\/v2\/product_brand?post=4277"},{"taxonomy":"product_cat","embeddable":true,"href":"https:\/\/marketplace.dovix.ca\/fr\/wp-json\/wp\/v2\/product_cat?post=4277"},{"taxonomy":"product_tag","embeddable":true,"href":"https:\/\/marketplace.dovix.ca\/fr\/wp-json\/wp\/v2\/product_tag?post=4277"}],"curies":[{"name":"wp","href":"https:\/\/api.w.org\/{rel}","templated":true}]}}