{"id":4265,"date":"2023-08-23T20:41:25","date_gmt":"2023-08-23T20:41:25","guid":{"rendered":"https:\/\/marketplace.dovix.ca\/?post_type=product&#038;p=4265"},"modified":"2025-03-30T03:55:06","modified_gmt":"2025-03-30T03:55:06","slug":"lampe-vix","status":"publish","type":"product","link":"https:\/\/marketplace.dovix.ca\/fr\/produit\/lampe-vix\/","title":{"rendered":"Lampe VIX"},"content":{"rendered":"<p>D\u00e9couvrez la lampe VIX, dont la base est en bois massif recycl\u00e9. Vous ne serez pas insensibles au charme de cette <strong>pi\u00e8ce unique<\/strong> car c&#8217;est une v\u00e9ritable \u0153uvre d&#8217;art. Gr\u00e2ce \u00e0 ses formes arrondies, elle allie beaut\u00e9 naturelle, utilit\u00e9 et engagement environnemental !<\/p>\n<p>Fabriqu\u00e9e \u00e0 partir de bois r\u00e9cup\u00e9r\u00e9 de vieux meubles initialement destin\u00e9 au rebut, la base de la lampe de table VIX est donc obtenue \u00e0 partir d&#8217;un mat\u00e9riau unique qui v\u00e9hicule l&#8217;histoire de son pass\u00e9. Les grains et les textures naturelles du bois conf\u00e8rent \u00e0 cette lampe un charme authentique et rustique, parfait pour ajouter une touche de caract\u00e8re \u00e0 votre int\u00e9rieur. Son abat-jour projette une lueur douce et naturelle, ajoutant une touche de charme \u00e0 votre espace. VIX est une pi\u00e8ce unique dont vous aurez l&#8217;exclusivit\u00e9 lorsque vous l&#8217;aurez achet\u00e9.<\/p>\n<p>Avec son design \u00e9l\u00e9gant et contemporain, la lampe de table VIX s&#8217;int\u00e8grera harmonieusement dans la quasi-totalit\u00e9 des styles de d\u00e9coration. Que ce soit dans votre salon, votre chambre \u00e0 coucher ou m\u00eame votre espace de travail, elle apportera une ambiance chaleureuse et un \u00e9clairage doux, vous aidant \u00e0 cr\u00e9er une atmosph\u00e8re relaxante, favorable \u00e0 une soir\u00e9e d\u00e9tente ou une lecture paisible.<br \/>\nEn choisissant la lampe de table VIX, vous adoptez des pratiques de consommation responsable. Vous contribuez \u00e0 la pr\u00e9servation de notre plan\u00e8te en appuyant les efforts pour la r\u00e9duction des d\u00e9chets.<\/p>\n<p><strong>Sp\u00e9cifications de la lampe de table VIX:<\/strong><\/p>\n<ul>\n<li>Hauteur : 59 cm (23 po) et diam\u00e8tre : 36 cm (14 po)<\/li>\n<li>Poids: 1.9 kg (4.1 lb)<\/li>\n<\/ul>\n<p><strong>Base de la lampe VIX:<\/strong><\/p>\n<ul>\n<li>Mat\u00e9riau: bois recycl\u00e9<\/li>\n<li>Sculpt\u00e9 \u00e0 la main par des artisans<\/li>\n<li>Fabriqu\u00e9 au Qu\u00e9bec<\/li>\n<\/ul>\n<p><strong>D\u00e9tails de l&#8217;abat-jour:<\/strong><\/p>\n<ul>\n<li>Mat\u00e9riau de l&#8217;abat-jour et doublure : polyester et\u00a0PET<\/li>\n<li>Cadre : acier, rev\u00eatement \u00e9poxy\/polyester<\/li>\n<li>Porte-abat-jour : Polycarbonate\/plastique ABS<\/li>\n<li>Entretien : Nettoyer avec un plumeau.<\/li>\n<li>Hauteur : 26 cm (10 po) et diam\u00e8tre : 36 cm (14 po)<\/li>\n<\/ul>\n<p>&nbsp;<\/p>","protected":false},"excerpt":{"rendered":"<p>Regardez cette pi\u00e8ce unique, con\u00e7ue \u00e0 partir de bois recycl\u00e9 dans l&#8217;effervescente ville de Montr\u00e9al. R\u00e9alis\u00e9e avec une attention m\u00e9ticuleuse, cette lampe repr\u00e9sente l&#8217;union harmonieuse entre le style contemporain et l&#8217;engagement envers l&#8217;environnement.<\/p>","protected":false},"featured_media":4266,"comment_status":"closed","ping_status":"closed","template":"","meta":[],"product_brand":[],"product_cat":[15,114,122],"product_tag":[115,116,117],"class_list":{"0":"post-4265","1":"product","2":"type-product","3":"status-publish","4":"has-post-thumbnail","6":"product_cat-uncategorized","7":"product_cat-recycled-wood","8":"product_cat-unique-piece","9":"product_tag-artisanat","10":"product_tag-lampe","11":"product_tag-recyclage","13":"first","14":"instock","15":"sale","16":"taxable","17":"shipping-taxable","18":"purchasable","19":"product-type-simple"},"_links":{"self":[{"href":"https:\/\/marketplace.dovix.ca\/fr\/wp-json\/wp\/v2\/product\/4265","targetHints":{"allow":["GET"]}}],"collection":[{"href":"https:\/\/marketplace.dovix.ca\/fr\/wp-json\/wp\/v2\/product"}],"about":[{"href":"https:\/\/marketplace.dovix.ca\/fr\/wp-json\/wp\/v2\/types\/product"}],"replies":[{"embeddable":true,"href":"https:\/\/marketplace.dovix.ca\/fr\/wp-json\/wp\/v2\/comments?post=4265"}],"wp:featuredmedia":[{"embeddable":true,"href":"https:\/\/marketplace.dovix.ca\/fr\/wp-json\/wp\/v2\/media\/4266"}],"wp:attachment":[{"href":"https:\/\/marketplace.dovix.ca\/fr\/wp-json\/wp\/v2\/media?parent=4265"}],"wp:term":[{"taxonomy":"product_brand","embeddable":true,"href":"https:\/\/marketplace.dovix.ca\/fr\/wp-json\/wp\/v2\/product_brand?post=4265"},{"taxonomy":"product_cat","embeddable":true,"href":"https:\/\/marketplace.dovix.ca\/fr\/wp-json\/wp\/v2\/product_cat?post=4265"},{"taxonomy":"product_tag","embeddable":true,"href":"https:\/\/marketplace.dovix.ca\/fr\/wp-json\/wp\/v2\/product_tag?post=4265"}],"curies":[{"name":"wp","href":"https:\/\/api.w.org\/{rel}","templated":true}]}}