{"id":2972,"date":"2024-11-27T04:05:33","date_gmt":"2024-11-27T04:05:33","guid":{"rendered":"https:\/\/marketplace.dovix.ca\/?post_type=product&#038;p=2972"},"modified":"2025-04-01T10:25:18","modified_gmt":"2025-04-01T10:25:18","slug":"lampe-de-table-asta","status":"publish","type":"product","link":"https:\/\/marketplace.dovix.ca\/fr\/produit\/lampe-de-table-asta\/","title":{"rendered":"Lampe de table ASTA"},"content":{"rendered":"<p>La lampe de table ASTA est une\u00a0<strong>pi\u00e8ce unique,<\/strong>\u00a0produit d\u2019exception \u00e9coresponsable, fabriqu\u00e9e enti\u00e8rement au Qu\u00e9bec, exclusivement \u00e0 partir de bois recycl\u00e9. Elle allie parfaitement un style contemporain \u00e0 un \u00e9l\u00e9ment rustique pour devenir un produit d\u2019exception.<\/p>\n<p>Cette pi\u00e8ce est con\u00e7ue avec soin. Les particularit\u00e9s du bois recycl\u00e9s lui conf\u00e8rent une identit\u00e9 propre, ce qui constitue son charme. La lampe de table ASTA diffuse une lumi\u00e8re douce \u00e0 travers des ouvertures g\u00e9om\u00e9triques introduites dans sa structure en bois. De cette mani\u00e8re, elle cr\u00e9e un effet visuel unique, suivant son orientation. Le bois est poli pour lui donner un aspect lisse et soyeux, sans aucune peinture qui pourrait alt\u00e9rer sa beaut\u00e9 naturelle.<\/p>\n<p>La lampe ASTA est l\u2019ato\u00fbt charme de votre d\u00e9coration. Elle apportera une touche d\u2019authenticit\u00e9 et de chaleur \u00e0 votre int\u00e9rieur. En choisissant cette lampe, vous faites le choix d\u2019une d\u00e9marche \u00e9coresponsable en privil\u00e9giant les mat\u00e9riaux recycl\u00e9s et en soutenant l\u2019artisanat local.<\/p>\n<p>En choisissant une lampe commercialis\u00e9e par DOVIX Corporation, vous contribuez activement \u00e0 la pr\u00e9servation de l\u2019environnement. De plus, vous ajoutez une touche d\u2019originalit\u00e9 \u00e0 votre int\u00e9rieur. Chaque lampe est unique, portant en elle l\u2019histoire et la beaut\u00e9 du bois r\u00e9cup\u00e9r\u00e9, et t\u00e9moigne de l\u2019engagement en faveur d\u2019un mode de vie \u00e9coresponsable.<\/p>\n<p>Souhaitez-vous en savoir plus sur le processus de recyclage du bois massif des meubles d\u00e9class\u00e9s en raison de leur anciennet\u00e9, de leur d\u00e9mod\u00e9 ou de leur \u00e9tat endommag\u00e9 ? Si c\u2019est le cas, nous vous invitons \u00e0 consulter\u00a0<a href=\"https:\/\/shop.dovix.ca\/nos-activites-de-recyclage\">cette page<\/a>.<\/p>\n<p><strong>Sp\u00e9cifications de la lampe ASTA :<\/strong><\/p>\n<ul>\n<li>Mat\u00e9riau: bois recycl\u00e9<\/li>\n<li>Sculpt\u00e9 \u00e0 la main par des artisans<\/li>\n<li>Fabriqu\u00e9 au Qu\u00e9bec<\/li>\n<li>Hauteur : 46 cm (18 po) et c\u00f4t\u00e9 : 28 cm (11 po)<\/li>\n<li>Poids: 6.2 kg (15.5 lb)<\/li>\n<\/ul>","protected":false},"excerpt":{"rendered":"<div class=\"woocommerce-product-details__short-description\">\n<p>Cette cr\u00e9ation exceptionnelle est fa\u00e7onn\u00e9e \u00e0 partir de bois recycl\u00e9, soigneusement ponc\u00e9 et laiss\u00e9 au naturel, sans la moindre trace de peinture. Les ouvertures ing\u00e9nieusement int\u00e9gr\u00e9es dans cette lampe offrent un effet visuel v\u00e9ritablement distinctif.<\/p>\n<\/div>","protected":false},"featured_media":2974,"comment_status":"open","ping_status":"closed","template":"","meta":[],"product_brand":[],"product_cat":[89],"product_tag":[],"class_list":{"0":"post-2972","1":"product","2":"type-product","3":"status-publish","4":"has-post-thumbnail","6":"product_cat-lamp","8":"first","9":"instock","10":"sale","11":"featured","12":"taxable","13":"shipping-taxable","14":"purchasable","15":"product-type-simple"},"_links":{"self":[{"href":"https:\/\/marketplace.dovix.ca\/fr\/wp-json\/wp\/v2\/product\/2972","targetHints":{"allow":["GET"]}}],"collection":[{"href":"https:\/\/marketplace.dovix.ca\/fr\/wp-json\/wp\/v2\/product"}],"about":[{"href":"https:\/\/marketplace.dovix.ca\/fr\/wp-json\/wp\/v2\/types\/product"}],"replies":[{"embeddable":true,"href":"https:\/\/marketplace.dovix.ca\/fr\/wp-json\/wp\/v2\/comments?post=2972"}],"wp:featuredmedia":[{"embeddable":true,"href":"https:\/\/marketplace.dovix.ca\/fr\/wp-json\/wp\/v2\/media\/2974"}],"wp:attachment":[{"href":"https:\/\/marketplace.dovix.ca\/fr\/wp-json\/wp\/v2\/media?parent=2972"}],"wp:term":[{"taxonomy":"product_brand","embeddable":true,"href":"https:\/\/marketplace.dovix.ca\/fr\/wp-json\/wp\/v2\/product_brand?post=2972"},{"taxonomy":"product_cat","embeddable":true,"href":"https:\/\/marketplace.dovix.ca\/fr\/wp-json\/wp\/v2\/product_cat?post=2972"},{"taxonomy":"product_tag","embeddable":true,"href":"https:\/\/marketplace.dovix.ca\/fr\/wp-json\/wp\/v2\/product_tag?post=2972"}],"curies":[{"name":"wp","href":"https:\/\/api.w.org\/{rel}","templated":true}]}}