{"id":2968,"date":"2024-11-27T03:56:26","date_gmt":"2024-11-27T03:56:26","guid":{"rendered":"https:\/\/marketplace.dovix.ca\/?post_type=product&#038;p=2968"},"modified":"2025-04-01T10:25:26","modified_gmt":"2025-04-01T10:25:26","slug":"lampe-liz-n","status":"publish","type":"product","link":"https:\/\/marketplace.dovix.ca\/fr\/produit\/lampe-liz-n\/","title":{"rendered":"Lampe LIZ-N"},"content":{"rendered":"<p>Ajoutez une touche de chaleur et d\u2019\u00e9l\u00e9gance \u00e0 votre espace avec la lampe LIZ-N, une cr\u00e9ation unique fabriqu\u00e9e \u00e0 Montr\u00e9al \u00e0 partir de bois pr\u00e9lev\u00e9 de meubles en fin de vie.<\/p>\n<p>La lampe LIZ-N est une fusion parfaite de l\u2019artisanat et du design contemporain. Chaque pi\u00e8ce de bois est s\u00e9lectionn\u00e9e avec minutie, puis transform\u00e9e par des artisans locaux passionn\u00e9s. Les nuances naturelles et les caract\u00e9ristiques uniques du bois recycl\u00e9 conf\u00e8rent \u00e0 chaque lampe une personnalit\u00e9 propre.<\/p>\n<p>Cette lampe polyvalente s\u2019int\u00e8grera harmonieusement dans diff\u00e9rents styles de d\u00e9coration, qu\u2019il s\u2019agisse d\u2019un int\u00e9rieur moderne ou d\u2019un espace plus traditionnel. La base en bois solide offre une stabilit\u00e9 et une durabilit\u00e9 exceptionnelles, tandis que l\u2019abat-jour cr\u00e9e une lumi\u00e8re tamis\u00e9e et chaleureuse.<\/p>\n<p>Chaque lampe LIZ-N est une pi\u00e8ce individuelle, ce qui signifie qu\u2019elle est unique en son genre. Vous poss\u00e9derez ainsi une \u0153uvre d\u2019art fonctionnelle qui raconte une histoire de durabilit\u00e9 et de pr\u00e9servation de l\u2019environnement. Ainsi, vous contribuez activement \u00e0 la r\u00e9duction des d\u00e9chets et \u00e0 la promotion d\u2019un mode de vie plus respectueux de la plan\u00e8te.<\/p>\n<p>Offrez-vous la beaut\u00e9 naturelle et l\u2019authenticit\u00e9 d\u2019une lampe LIZ-N dans votre maison ou votre bureau. Faites une d\u00e9claration de style tout en soutenant l\u2019artisanat local. Ne manquez pas cette opportunit\u00e9 de poss\u00e9der une pi\u00e8ce unique qui illuminera votre espace de mani\u00e8re \u00e9co-responsable.<\/p>\n<p>N\u2019h\u00e9sitez pas \u00e0 commander d\u00e8s maintenant la lampe LIZ-N \u00e0 base de meubles en bois recycl\u00e9s sur le site de Dovix et ajoutez une touche de charme \u00e9cologique \u00e0 votre d\u00e9cor.<\/p>\n<p><strong>Remarque<\/strong>: Cette pi\u00e8ce peut \u00eatre command\u00e9e par paire.<\/p>\n<h3><strong>Sp\u00e9cifications de la lampe de table LIZ-N:<\/strong><\/h3>\n<ul>\n<li>Hauteur : 59 cm (23 po) et diam\u00e8tre : 32 cm (13 po)<\/li>\n<li>Poids: 1.9 kg (4.1 lb)<\/li>\n<\/ul>\n<p><strong>Base de la lampe LIZ-N:<\/strong><\/p>\n<ul>\n<li>Mat\u00e9riau: bois recycl\u00e9<\/li>\n<li>Sculpt\u00e9 \u00e0 la main par des artisans<\/li>\n<li>Fabriqu\u00e9 au Qu\u00e9bec<\/li>\n<\/ul>\n<p><strong>D\u00e9tails de l\u2019abat-jour:<\/strong><\/p>\n<ul>\n<li>Mat\u00e9riau de l\u2019abat-jour et doublure : polyester et\u00a0PET<\/li>\n<li>Cadre : acier, rev\u00eatement \u00e9poxy\/polyester<\/li>\n<li>Porte-abat-jour : Polycarbonate\/plastique ABS<\/li>\n<li>Entretien : Nettoyer avec un plumeau.<\/li>\n<li>Hauteur : 26 cm (10 po) et diam\u00e8tre : 32 cm (13 po)<\/li>\n<\/ul>","protected":false},"excerpt":{"rendered":"<div class=\"woocommerce-product-details__short-description\">\n<p>Chaque lampe LIZ-N est fabriqu\u00e9e \u00e0 la main avec soin par des artisans talentueux qui ont su donner une nouvelle vie \u00e0 du bois pr\u00e9lev\u00e9 de meubles en fin de vie. C\u2019est ce qui lui conf\u00e8re son authenticit\u00e9 et son caract\u00e8re.<\/p>\n<\/div>","protected":false},"featured_media":2970,"comment_status":"open","ping_status":"closed","template":"","meta":[],"product_brand":[],"product_cat":[89],"product_tag":[],"class_list":{"0":"post-2968","1":"product","2":"type-product","3":"status-publish","4":"has-post-thumbnail","6":"product_cat-lamp","8":"first","9":"instock","10":"sale","11":"featured","12":"taxable","13":"shipping-taxable","14":"purchasable","15":"product-type-simple"},"_links":{"self":[{"href":"https:\/\/marketplace.dovix.ca\/fr\/wp-json\/wp\/v2\/product\/2968","targetHints":{"allow":["GET"]}}],"collection":[{"href":"https:\/\/marketplace.dovix.ca\/fr\/wp-json\/wp\/v2\/product"}],"about":[{"href":"https:\/\/marketplace.dovix.ca\/fr\/wp-json\/wp\/v2\/types\/product"}],"replies":[{"embeddable":true,"href":"https:\/\/marketplace.dovix.ca\/fr\/wp-json\/wp\/v2\/comments?post=2968"}],"wp:featuredmedia":[{"embeddable":true,"href":"https:\/\/marketplace.dovix.ca\/fr\/wp-json\/wp\/v2\/media\/2970"}],"wp:attachment":[{"href":"https:\/\/marketplace.dovix.ca\/fr\/wp-json\/wp\/v2\/media?parent=2968"}],"wp:term":[{"taxonomy":"product_brand","embeddable":true,"href":"https:\/\/marketplace.dovix.ca\/fr\/wp-json\/wp\/v2\/product_brand?post=2968"},{"taxonomy":"product_cat","embeddable":true,"href":"https:\/\/marketplace.dovix.ca\/fr\/wp-json\/wp\/v2\/product_cat?post=2968"},{"taxonomy":"product_tag","embeddable":true,"href":"https:\/\/marketplace.dovix.ca\/fr\/wp-json\/wp\/v2\/product_tag?post=2968"}],"curies":[{"name":"wp","href":"https:\/\/api.w.org\/{rel}","templated":true}]}}