{"id":2964,"date":"2024-11-27T03:51:17","date_gmt":"2024-11-27T03:51:17","guid":{"rendered":"https:\/\/marketplace.dovix.ca\/?post_type=product&#038;p=2964"},"modified":"2025-04-01T10:25:36","modified_gmt":"2025-04-01T10:25:36","slug":"kit-compact-pour-bricoleur-debutant","status":"publish","type":"product","link":"https:\/\/marketplace.dovix.ca\/fr\/produit\/kit-compact-pour-bricoleur-debutant\/","title":{"rendered":"Kit compact pour bricoleur d\u00e9butant"},"content":{"rendered":"<p>Dovix vous pr\u00e9sente son kit compact pour bricoleur d\u00e9butant. Il comprend une perceuse\/visseuse de 36V et 24 outils essentiels. Parmi ces outils, soulignons la pr\u00e9sence de deux batteries lithium-ion et un chargeur, le tout dans une mallette facile \u00e0 transporter. La combinaison de robustesse et de l\u00e9g\u00e8ret\u00e9 fait la force de ce kit compact. En l\u2019acqu\u00e9rant, vous obtenez en m\u00eame temps tous les essentiels n\u00e9cessaires pour un bricoleur d\u00e9butant.<\/p>\n<h4>La perceuse\/visseuse<\/h4>\n<p>Avec seulement 6,4 pouces de longueur, la perceuse\/visseuse est 30 % plus compacte et 20 % plus l\u00e9g\u00e8re que la plupart des mod\u00e8les disponibles sur le march\u00e9. Cela vous offre un acc\u00e8s optimal aux espaces de travail restreints et aux applications en hauteur. Toutefois, la machine reste en mesure de d\u00e9livrer une puissance maximale pour le per\u00e7age et l\u2019enfoncement de mat\u00e9riaux difficiles. Parmi ses caract\u00e9ristiques, on compte une bo\u00eete de vitesses \u00e0 deux rapports (0-450 et 0-1 700 tours\/min) ainsi qu\u2019un embrayage. Celui-ci comprend 24 positions et permet un contr\u00f4le pr\u00e9cis lors du forage et du vissage. Le mandrin \u00e0 cliquet \u00e0 douille unique de 1\/2 pouce est sp\u00e9cialement con\u00e7u avec un motif de moletage unique, assurant une prise solide lors des changements rapides de forets. En outre, la lumi\u00e8re de travail int\u00e9gr\u00e9e assure un \u00e9clairage efficace de l\u2019espace de travail.<\/p>\n<p>La perceuse\/visseuse Dovix est accompagn\u00e9e de deux batteries Lithium-Ion de 1.5 Ah, d\u2019un chargeur et d\u2019un manuel d\u2019utilisation. Vous aurez ainsi toute l\u2019autonomie essentielle pour r\u00e9aliser vos projets manuels. La machine offre un couple impressionnant allant jusqu\u2019\u00e0 380 pouces\/livres, gr\u00e2ce \u00e0 son moteur \u00e0 2 vitesses fournissant 0-450 \/ 0-1 700 tours\/minute.<\/p>\n<h4>Autres accessoires<\/h4>\n<p>Ce kit compact pour bricoleur d\u00e9butant comprend tous les accessoires essentiels d\u2019un bricoleur. En plus de la perceuse\/visseuse et des deux batteries, le kit inclut \u00e9galement diverses pinces et tournevis, une bo\u00eete de vis, un marteau, et bien plus encore. Le tout plac\u00e9 dans une malettefacile \u00e0 transporter.<\/p>\n<p>Ce kit est parfait pour les projets de bricolage \u00e0 domicile.\u00a0La garantie du fabricant pour ce kit de bricolage est de 12 mois. La livraison est gratuite \u00e0 Montr\u00e9al.<\/p>","protected":false},"excerpt":{"rendered":"<div class=\"woocommerce-product-details__short-description\">\n<p>Dovix vous pr\u00e9sente son kit compact pour bricoleur d\u00e9butant comprenant une perceuse\/visseuse 36V et 24 outils essentiels, dont deux batteries lithium-ion et un chargeur, le tout dans une mallette facile \u00e0 transporter. La combinaison de robustesse et de l\u00e9g\u00e8ret\u00e9 fait la force de ce kit compact qui inclut tous les essentiels pour un bricoleur d\u00e9butant.<\/p>\n<\/div>","protected":false},"featured_media":2965,"comment_status":"open","ping_status":"closed","template":"","meta":[],"product_brand":[],"product_cat":[109],"product_tag":[],"class_list":{"0":"post-2964","1":"product","2":"type-product","3":"status-publish","4":"has-post-thumbnail","6":"product_cat-diy-kits","8":"first","9":"instock","10":"featured","11":"taxable","12":"shipping-taxable","13":"purchasable","14":"product-type-simple"},"_links":{"self":[{"href":"https:\/\/marketplace.dovix.ca\/fr\/wp-json\/wp\/v2\/product\/2964","targetHints":{"allow":["GET"]}}],"collection":[{"href":"https:\/\/marketplace.dovix.ca\/fr\/wp-json\/wp\/v2\/product"}],"about":[{"href":"https:\/\/marketplace.dovix.ca\/fr\/wp-json\/wp\/v2\/types\/product"}],"replies":[{"embeddable":true,"href":"https:\/\/marketplace.dovix.ca\/fr\/wp-json\/wp\/v2\/comments?post=2964"}],"wp:featuredmedia":[{"embeddable":true,"href":"https:\/\/marketplace.dovix.ca\/fr\/wp-json\/wp\/v2\/media\/2965"}],"wp:attachment":[{"href":"https:\/\/marketplace.dovix.ca\/fr\/wp-json\/wp\/v2\/media?parent=2964"}],"wp:term":[{"taxonomy":"product_brand","embeddable":true,"href":"https:\/\/marketplace.dovix.ca\/fr\/wp-json\/wp\/v2\/product_brand?post=2964"},{"taxonomy":"product_cat","embeddable":true,"href":"https:\/\/marketplace.dovix.ca\/fr\/wp-json\/wp\/v2\/product_cat?post=2964"},{"taxonomy":"product_tag","embeddable":true,"href":"https:\/\/marketplace.dovix.ca\/fr\/wp-json\/wp\/v2\/product_tag?post=2964"}],"curies":[{"name":"wp","href":"https:\/\/api.w.org\/{rel}","templated":true}]}}